{"id":24390,"date":"2018-11-23T15:01:53","date_gmt":"2018-11-23T12:01:53","guid":{"rendered":"https:\/\/codex-themes.com\/thegem\/business-multipurpose\/?page_id=24390"},"modified":"2025-04-10T12:18:22","modified_gmt":"2025-04-10T09:18:22","slug":"iletisim","status":"publish","type":"page","link":"https:\/\/www.birlikis.com\/index.php\/iletisim\/","title":{"rendered":"\u0130leti\u015fim"},"content":{"rendered":"<div class=\"wpb-content-wrapper\"><p>[vc_row full_width=&#8221;stretch_row_content_no_spaces&#8221; css=&#8221;.vc_custom_1458141711301{margin-bottom: 0px !important;}&#8221;][vc_column css=&#8221;.vc_custom_1461417063512{padding-top: 0px !important;}&#8221;][vc_gmaps link=&#8221;#E-8_JTNDaWZyYW1lJTIwc3JjJTNEJTIyaHR0cHMlM0ElMkYlMkZ3d3cuZ29vZ2xlLmNvbSUyRm1hcHMlMkZlbWJlZCUzRnBiJTNEJTIxMW0xOCUyMTFtMTIlMjExbTMlMjExZDMwNTkuNjg3NDk3NTQzOTgyMyUyMTJkNDEuMjg1MDQ1MTc2MzgzNTMlMjEzZDM5LjkyNjAwOTA4NTM1OTU4JTIxMm0zJTIxMWYwJTIxMmYwJTIxM2YwJTIxM20yJTIxMWkxMDI0JTIxMmk3NjglMjE0ZjEzLjElMjEzbTMlMjExbTIlMjExczB4NDA2ZTVmMWY0ZTk5NjA4ZiUyNTNBMHhiZDdmMjljNThhMThiYTViJTIxMnpRbWx5YkdscklNU3d4WjhnVUhaaiUyMTVlMCUyMTNtMiUyMTFzdHIlMjEyc3RyJTIxNHYxNzQyMzcxMTg0MTM2JTIxNW0yJTIxMXN0ciUyMTJzdHIlMjIlMjB3aWR0aCUzRCUyMjYwMCUyMiUyMGhlaWdodCUzRCUyMjQ1MCUyMiUyMGZyYW1lYm9yZGVyJTNEJTIyMCUyMiUyMHN0eWxlJTNEJTIyYm9yZGVyJTNBMCUyMiUyMGFsbG93ZnVsbHNjcmVlbiUzRSUzQyUyRmlmcmFtZSUzRQ==&#8221; size=&#8221;600&#8243; css=&#8221;&#8221;][\/vc_column][\/vc_row][vc_row css=&#8221;.vc_custom_1458198549877{margin-bottom: 0px !important;}&#8221;][vc_column][vc_row_inner][vc_column_inner offset=&#8221;vc_hidden-xs&#8221;]<div class=\"clearboth\"><\/div><style>#thegem-divider-69ddb4422c2c7 {margin-top: 103px !important;}<\/style><div id=\"thegem-divider-69ddb4422c2c7\" class=\"gem-divider  \" style=\"\" ><\/div>[\/vc_column_inner][\/vc_row_inner][vc_column_text css=&#8221;&#8221; css_animation=&#8221;bottom-to-top&#8221;]<\/p>\n<h2 style=\"text-align: center;\">bizimle ileti\u015fime ge\u00e7in<\/h2>\n<p>[\/vc_column_text][vc_row_inner][vc_column_inner offset=&#8221;vc_hidden-xs&#8221;]<div class=\"clearboth\"><\/div><style>#thegem-divider-69ddb4422c2ee {margin-top: 75px !important;}<\/style><div id=\"thegem-divider-69ddb4422c2ee\" class=\"gem-divider  \" style=\"\" ><\/div>[\/vc_column_inner][\/vc_row_inner][vc_row_inner el_class=&#8221;h_row&#8221;][vc_column_inner width=&#8221;1\/4&#8243; css=&#8221;.vc_custom_1461419262544{padding-right: 0px !important;padding-left: 0px !important;background-color: #8781bd !important;}&#8221;]<div class=\"lazy-loading\" data-ll-item-delay=\"0\"><div class=\"gem-textbox  lazy-loading-item centered-box\"  data-ll-effect=\"move-up\" ><div class=\"gem-textbox-inner\" style=\"\"><div class=\"gem-textbox-content\" style=\"background-position: center top;padding-top: 43px;padding-bottom: 47px;\">[vc_icon icon_fontawesome=&#8221;fas fa-phone&#8221; color=&#8221;white&#8221; align=&#8221;center&#8221; css=&#8221;&#8221;]<div class=\"clearboth\"><\/div><style>#thegem-divider-69ddb4422c38f {margin-top: 30px !important;}<\/style><div id=\"thegem-divider-69ddb4422c38f\" class=\"gem-divider  \" style=\"\" ><\/div>[vc_column_text css=&#8221;&#8221;]<\/p>\n<div class=\"title-h5\" style=\"text-align: center;\"><span class=\"light\" style=\"color: #ffffff;\">Y\u00d6NET\u0130C\u0130<\/span><\/div>\n<p>[\/vc_column_text]<div class=\"clearboth\"><\/div><style>#thegem-divider-69ddb4422c3b1 {margin-top: 10px !important;}<\/style><div id=\"thegem-divider-69ddb4422c3b1\" class=\"gem-divider  \" style=\"\" ><\/div>[vc_column_text css=&#8221;&#8221;]<\/p>\n<p style=\"text-align: center;\"><span style=\"color: #ffffff;\">Yusuf TOPRAK<\/span><\/p>\n<p style=\"text-align: center;\"><span style=\"color: #ffffff;\"><strong>0530 774 37 99<\/strong><\/span><\/p>\n<p>[\/vc_column_text]<\/div><\/div><\/div><\/div>[\/vc_column_inner][vc_column_inner width=&#8221;1\/4&#8243; css=&#8221;.vc_custom_1458216798807{background-color: #42abd6 !important;}&#8221;]<div class=\"lazy-loading\" data-ll-item-delay=\"0\"><div class=\"gem-textbox  lazy-loading-item centered-box\"  data-ll-effect=\"move-up\" ><div class=\"gem-textbox-inner\" style=\"\"><div class=\"gem-textbox-content\" style=\"background-position: center top;padding-top: 43px;padding-bottom: 47px;\">[vc_icon icon_fontawesome=&#8221;fas fa-phone&#8221; color=&#8221;white&#8221; align=&#8221;center&#8221; css=&#8221;&#8221;]<div class=\"clearboth\"><\/div><style>#thegem-divider-69ddb4422c42c {margin-top: 30px !important;}<\/style><div id=\"thegem-divider-69ddb4422c42c\" class=\"gem-divider  \" style=\"\" ><\/div>[vc_column_text css=&#8221;&#8221;]<\/p>\n<div class=\"title-h5\" style=\"text-align: center;\"><span class=\"light\" style=\"color: #ffffff;\">GENEL M\u00dcD\u00dcR<\/span><\/div>\n<p>[\/vc_column_text]<div class=\"clearboth\"><\/div><style>#thegem-divider-69ddb4422c440 {margin-top: 10px !important;}<\/style><div id=\"thegem-divider-69ddb4422c440\" class=\"gem-divider  \" style=\"\" ><\/div>[vc_column_text css=&#8221;&#8221;]<\/p>\n<div style=\"text-align: center;\">\n<p style=\"text-align: center;\"><span style=\"color: #ffffff;\">Burak KAYA<\/span><\/p>\n<p style=\"text-align: center;\"><span style=\"color: #ffffff;\"><strong>0530 822 90 12<\/strong><\/span><\/p>\n<\/div>\n<p>[\/vc_column_text]<\/div><\/div><\/div><\/div>[\/vc_column_inner][vc_column_inner width=&#8221;1\/4&#8243; css=&#8221;.vc_custom_1458216808629{background-color: #6fc8bf !important;}&#8221;]<div class=\"lazy-loading\" data-ll-item-delay=\"0\"><div class=\"gem-textbox  lazy-loading-item centered-box\"  data-ll-effect=\"move-up\" ><div class=\"gem-textbox-inner\" style=\"\"><div class=\"gem-textbox-content\" style=\"background-position: center top;padding-top: 43px;padding-bottom: 47px;\">[vc_icon icon_fontawesome=&#8221;fas fa-phone&#8221; color=&#8221;white&#8221; align=&#8221;center&#8221; css=&#8221;&#8221;]<div class=\"clearboth\"><\/div><style>#thegem-divider-69ddb4422c4b5 {margin-top: 30px !important;}<\/style><div id=\"thegem-divider-69ddb4422c4b5\" class=\"gem-divider  \" style=\"\" ><\/div>[vc_column_text css=&#8221;&#8221;]<\/p>\n<div class=\"title-h5\" style=\"text-align: center;\"><span class=\"light\" style=\"color: #ffffff;\">MUHASEBE<\/span><\/div>\n<p>[\/vc_column_text]<div class=\"clearboth\"><\/div><style>#thegem-divider-69ddb4422c4d0 {margin-top: 10px !important;}<\/style><div id=\"thegem-divider-69ddb4422c4d0\" class=\"gem-divider  \" style=\"\" ><\/div>[vc_column_text css=&#8221;&#8221;]<\/p>\n<div style=\"text-align: center;\">\n<div style=\"text-align: center;\">\n<p><span style=\"color: #ffffff;\"><strong>Birlik \u0130\u015f<\/strong><\/span><\/p>\n<p style=\"text-align: center;\"><span style=\"color: #ffffff;\"><strong>0533 328 62 80<\/strong><\/span><\/p>\n<\/div>\n<\/div>\n<p>[\/vc_column_text]<\/div><\/div><\/div><\/div>[\/vc_column_inner][vc_column_inner width=&#8221;1\/4&#8243; css=&#8221;.vc_custom_1458216818757{background-color: #a3d070 !important;}&#8221;]<div class=\"lazy-loading\" data-ll-item-delay=\"0\"><div class=\"gem-textbox  lazy-loading-item centered-box\"  data-ll-effect=\"move-up\" ><div class=\"gem-textbox-inner\" style=\"\"><div class=\"gem-textbox-content\" style=\"background-position: center top;padding-top: 43px;padding-bottom: 47px;\">[vc_icon icon_fontawesome=&#8221;fas fa-phone&#8221; color=&#8221;white&#8221; align=&#8221;center&#8221; css=&#8221;&#8221;]<div class=\"clearboth\"><\/div><style>#thegem-divider-69ddb4422c540 {margin-top: 30px !important;}<\/style><div id=\"thegem-divider-69ddb4422c540\" class=\"gem-divider  \" style=\"\" ><\/div>[vc_column_text css=&#8221;&#8221;]<\/p>\n<div class=\"title-h5\" style=\"text-align: center;\"><span class=\"light\" style=\"color: #ffffff;\">PAZARLAMA<\/span><\/div>\n<p>[\/vc_column_text]<div class=\"clearboth\"><\/div><style>#thegem-divider-69ddb4422c55c {margin-top: 10px !important;}<\/style><div id=\"thegem-divider-69ddb4422c55c\" class=\"gem-divider  \" style=\"\" ><\/div>[vc_column_text css=&#8221;&#8221;]<\/p>\n<div style=\"text-align: center;\">\n<div style=\"text-align: center;\">\n<div style=\"text-align: center;\">\n<p><span style=\"color: #ffffff;\">Erdem D\u0130LER<\/span><\/p>\n<p style=\"text-align: center;\"><span style=\"color: #ffffff;\"><strong>0535 394 44 94<\/strong><\/span><\/p>\n<\/div>\n<\/div>\n<\/div>\n<p>[\/vc_column_text]<\/div><\/div><\/div><\/div>[\/vc_column_inner][\/vc_row_inner][vc_row_inner el_class=&#8221;h_row&#8221;][vc_column_inner width=&#8221;1\/2&#8243; css=&#8221;.vc_custom_1461419262544{padding-right: 0px !important;padding-left: 0px !important;background-color: #8781bd !important;}&#8221;]<div class=\"lazy-loading\" data-ll-item-delay=\"0\"><div class=\"gem-textbox  lazy-loading-item centered-box\"  data-ll-effect=\"move-up\" ><div class=\"gem-textbox-inner\" style=\"\"><div class=\"gem-textbox-content\" style=\"background-position: center top;padding-top: 43px;padding-bottom: 47px;\">[vc_icon icon_fontawesome=&#8221;fas fa-location-arrow&#8221; color=&#8221;white&#8221; align=&#8221;center&#8221; css=&#8221;&#8221;]<div class=\"clearboth\"><\/div><style>#thegem-divider-69ddb4422c5d6 {margin-top: 30px !important;}<\/style><div id=\"thegem-divider-69ddb4422c5d6\" class=\"gem-divider  \" style=\"\" ><\/div>[vc_column_text css=&#8221;&#8221;]<\/p>\n<div class=\"title-h5\" style=\"text-align: center;\"><span class=\"light\" style=\"color: #ffffff;\">adres<\/span><\/div>\n<p>[\/vc_column_text]<div class=\"clearboth\"><\/div><style>#thegem-divider-69ddb4422c5f1 {margin-top: 10px !important;}<\/style><div id=\"thegem-divider-69ddb4422c5f1\" class=\"gem-divider  \" style=\"\" ><\/div>[vc_column_text css=&#8221;&#8221;]<\/p>\n<div style=\"text-align: center;\"><span class=\"light\" style=\"color: #ffffff;\">Kutulu\u015f Mahallesi 15. Keresteciler\u00a0 Sok. No:5<\/span><\/div>\n<div style=\"text-align: center;\"><span style=\"color: #ffffff;\"><strong>Yakutiye Erzurum<\/strong><\/span><\/div>\n<div><\/div>\n<p>[\/vc_column_text]<\/div><\/div><\/div><\/div>[\/vc_column_inner][vc_column_inner width=&#8221;1\/2&#8243; css=&#8221;.vc_custom_1458216798807{background-color: #42abd6 !important;}&#8221;]<div class=\"lazy-loading\" data-ll-item-delay=\"0\"><div class=\"gem-textbox  lazy-loading-item centered-box\"  data-ll-effect=\"move-up\" ><div class=\"gem-textbox-inner\" style=\"\"><div class=\"gem-textbox-content\" style=\"background-position: center top;padding-top: 43px;padding-bottom: 47px;\">[vc_icon icon_fontawesome=&#8221;fas fa-envelope&#8221; color=&#8221;white&#8221; align=&#8221;center&#8221; css=&#8221;&#8221;]<div class=\"clearboth\"><\/div><style>#thegem-divider-69ddb4422c642 {margin-top: 30px !important;}<\/style><div id=\"thegem-divider-69ddb4422c642\" class=\"gem-divider  \" style=\"\" ><\/div>[vc_column_text]<\/p>\n<div class=\"title-h5\" style=\"text-align: center;\"><span class=\"light\" style=\"color: #ffffff;\">email<\/span><\/div>\n<p>[\/vc_column_text]<div class=\"clearboth\"><\/div><style>#thegem-divider-69ddb4422c65c {margin-top: 10px !important;}<\/style><div id=\"thegem-divider-69ddb4422c65c\" class=\"gem-divider  \" style=\"\" ><\/div>[vc_column_text css=&#8221;&#8221;]<\/p>\n<div style=\"text-align: center;\"><span class=\"light\" style=\"color: #ffffff;\">muhasebe: muhasebe@birlikis.com<\/span><\/div>\n<div style=\"text-align: center;\"><span style=\"color: #ffffff;\">Sat\u0131\u015f Pazarlama : burakkaya@birlikis.com<\/span><\/div>\n<div><\/div>\n<p>[\/vc_column_text]<\/div><\/div><\/div><\/div>[\/vc_column_inner][\/vc_row_inner][vc_row_inner][vc_column_inner offset=&#8221;vc_hidden-xs&#8221;]<div class=\"clearboth\"><\/div><style>#thegem-divider-69ddb4422c682 {margin-top: 25px !important;}<\/style><div id=\"thegem-divider-69ddb4422c682\" class=\"gem-divider  \" style=\"\" ><\/div>[\/vc_column_inner][\/vc_row_inner][\/vc_column][\/vc_row][vc_row full_width=&#8221;stretch_row&#8221; css_animation=&#8221;bottom-to-top&#8221; css=&#8221;.vc_custom_1543844406325{margin-bottom: 0px !important;background-color: #f0f3f2 !important;}&#8221; el_id=&#8221;contact-us&#8221;][vc_column][vc_row_inner][vc_column_inner offset=&#8221;vc_hidden-xs&#8221;]<div class=\"clearboth\"><\/div><style>#thegem-divider-69ddb4422c69d {margin-top: 80px !important;}<\/style><div id=\"thegem-divider-69ddb4422c69d\" class=\"gem-divider  \" style=\"\" ><\/div>[\/vc_column_inner][\/vc_row_inner][vc_column_text css=&#8221;&#8221; css_animation=&#8221;bottom-to-top&#8221;]<\/p>\n<h2 style=\"text-align: center;\">bize yaz\u0131n<\/h2>\n<p>[\/vc_column_text][vc_row_inner][vc_column_inner offset=&#8221;vc_hidden-xs&#8221;]<div class=\"clearboth\"><\/div><style>#thegem-divider-69ddb4422c6b9 {margin-top: 40px !important;}<\/style><div id=\"thegem-divider-69ddb4422c6b9\" class=\"gem-divider  \" style=\"\" ><\/div>[\/vc_column_inner][\/vc_row_inner]\n<div class=\"wpcf7 no-js\" id=\"wpcf7-f24422-o1\" lang=\"en-US\" dir=\"ltr\" data-wpcf7-id=\"24422\">\n<div class=\"screen-reader-response\"><p role=\"status\" aria-live=\"polite\" aria-atomic=\"true\"><\/p> <ul><\/ul><\/div>\n<form action=\"\/index.php\/wp-json\/wp\/v2\/pages\/24390#wpcf7-f24422-o1\" method=\"post\" class=\"wpcf7-form init gem-contact-form-white\" aria-label=\"Contact form\" novalidate=\"novalidate\" data-status=\"init\">\n<div style=\"display: none;\">\n<input type=\"hidden\" name=\"_wpcf7\" value=\"24422\" \/>\n<input type=\"hidden\" name=\"_wpcf7_version\" value=\"6.0.2\" \/>\n<input type=\"hidden\" name=\"_wpcf7_locale\" value=\"en_US\" \/>\n<input type=\"hidden\" name=\"_wpcf7_unit_tag\" value=\"wpcf7-f24422-o1\" \/>\n<input type=\"hidden\" name=\"_wpcf7_container_post\" value=\"0\" \/>\n<input type=\"hidden\" name=\"_wpcf7_posted_data_hash\" value=\"\" \/>\n<\/div>\n<div class=\"row\">\n\n\t<div class=\"form-line col-lg-6 col-md-6 col-xs-12\"><div class=\"gem-form-icon-name\"><span class=\"wpcf7-form-control-wrap\" data-name=\"your-name\"><input size=\"40\" maxlength=\"400\" class=\"wpcf7-form-control wpcf7-text wpcf7-validates-as-required\" aria-required=\"true\" aria-invalid=\"false\" placeholder=\"Ad Soyad*\" value=\"\" type=\"text\" name=\"your-name\" \/><\/span><\/div><\/div>\n\n\t<div class=\"form-line col-lg-6 col-md-6 col-xs-12\"><div class=\"gem-form-icon-email\"><span class=\"wpcf7-form-control-wrap\" data-name=\"your-email\"><input size=\"40\" maxlength=\"400\" class=\"wpcf7-form-control wpcf7-email wpcf7-validates-as-required wpcf7-text wpcf7-validates-as-email\" aria-required=\"true\" aria-invalid=\"false\" placeholder=\"Email*\" value=\"\" type=\"email\" name=\"your-email\" \/><\/span><\/div><\/div>\n\n\t<div class=\"form-line col-lg-12 col-md-12 col-xs-12\"><span class=\"wpcf7-form-control-wrap\" data-name=\"your-message\"><textarea cols=\"40\" rows=\"10\" maxlength=\"2000\" class=\"wpcf7-form-control wpcf7-textarea wpcf7-validates-as-required\" aria-required=\"true\" aria-invalid=\"false\" placeholder=\"Mesaj\u0131n\u0131z\" name=\"your-message\"><\/textarea><\/span><\/div>\n\n\t<div class=\"col-lg-12 col-md-12 col-xs-12\"><style type=\"text\/css\">.thegem-button-69ddb4422d7309097 .gem-button svg {fill: #00bcd4;}.thegem-button-69ddb4422d7309097 .gem-button:hover svg {fill: #fff;}<\/style><div class=\"gem-button-container gem-button-position-center thegem-button-69ddb4422d7309097\"  ><input class=\"gem-button gem-button-size-medium gem-button-style-outline gem-button-text-weight-normal gem-button-border-3 wpcf7-form-control wpcf7-submit has-spinner gem-button-wpcf-custom\" data-ll-effect=\"drop-right-without-wrap\" style=\"border-radius: 3px;border-color: #00bcd4;color: #00bcd4;\" onmouseleave=\"this.style.borderColor='#00bcd4';this.style.backgroundColor='transparent';this.style.color='#00bcd4';\" onmouseenter=\"this.style.backgroundColor='#00bcd4';this.style.color='#fff';\" id=\"\" tabindex=\"\" type=\"submit\" value=\"G\u00d6NDER\" \/><\/div> <\/div>\n\n<\/div><div class=\"wpcf7-response-output\" aria-hidden=\"true\"><\/div>\n<\/form>\n<\/div>\n<div class=\"clearboth\"><\/div><style>#thegem-divider-69ddb4422dee3 {margin-top: 95px !important;}<\/style><div id=\"thegem-divider-69ddb4422dee3\" class=\"gem-divider  \" style=\"\" ><\/div>[\/vc_column][\/vc_row][vc_row css_animation=&#8221;fadeIn&#8221; css=&#8221;.vc_custom_1543846513720{margin-bottom: 0px !important;}&#8221;][vc_column css=&#8221;.vc_custom_1461336118881{padding-top: 0px !important;}&#8221;]<div id=\"fullwidth-block-69ddb4422e0db\" class=\"fullwidth-block fullwidth-block-parallax-vertical clearfix\" data-mobile-parallax-enable=\"0\" style=\"padding-top: 90px;padding-bottom: 100px;\"><script type=\"text\/javascript\">if (typeof(gem_fix_fullwidth_position) == \"function\") { gem_fix_fullwidth_position(document.getElementById(\"fullwidth-block-69ddb4422e0db\")); }<\/script><div class=\"fullwidth-block-background\" style=\"background-image: url(https:\/\/www.birlikis.com\/wp-content\/uploads\/2018\/11\/3-3.jpg);background-repeat: no-repeat; background-size: cover;background-position: center top;\"><\/div><div class=\"fullwidth-block-inner\"><div class=\"container\">[vc_column_text css=&#8221;&#8221; css_animation=&#8221;bottom-to-top&#8221;]<\/p>\n<div class=\"title-h2\" style=\"text-align: center;\"><span style=\"color: #ffffff;\">birlik i\u015f<\/span><\/div>\n<p>[\/vc_column_text]<div class=\"clearboth\"><\/div><style>#thegem-divider-69ddb4422e17c {margin-top: 30px !important;}<\/style><div id=\"thegem-divider-69ddb4422e17c\" class=\"gem-divider  \" style=\"\" ><\/div>[vc_column_text css=&#8221;&#8221; css_animation=&#8221;bottom-to-top&#8221;]<\/p>\n<p style=\"text-align: center;\"><span style=\"color: #ffffff;\">B\u0130RL\u0130K \u0130\u015e, 1989\u2019da mobilya sekt\u00f6r\u00fcyle ba\u015flad\u0131\u011f\u0131 yolculu\u011funda, demir ve al\u00fcminyum imalat\u0131n\u0131 takiben 1998\u2019de PVC \u00fcretimine ad\u0131m atarak sekt\u00f6rde \u00f6nc\u00fc konuma gelmi\u015ftir. Geni\u015f bayi a\u011f\u0131 ve Egepen Do\u011fu Anadolu B\u00f6lge distrib\u00fct\u00f6rl\u00fc\u011f\u00fc sayesinde kaliteli, yenilik\u00e7i ve m\u00fc\u015fteri odakl\u0131 hizmetleriyle b\u00fcy\u00fcmeye devam etmektedir.<\/span><\/p>\n<p>[\/vc_column_text]<div class=\"clearboth\"><\/div><style>#thegem-divider-69ddb4422e1a1 {margin-top: 70px !important;}<\/style><div id=\"thegem-divider-69ddb4422e1a1\" class=\"gem-divider  \" style=\"\" ><\/div>[vc_row_inner disable_custom_paddings_tablet=&#8221;true&#8221; disable_custom_paddings_mobile=&#8221;true&#8221; css=&#8221;.vc_custom_1542979284121{padding-right: 200px !important;padding-left: 200px !important;}&#8221;][vc_column_inner width=&#8221;1\/6&#8243; css=&#8221;.vc_custom_1461415526409{padding-top: 20px !important;}&#8221; offset=&#8221;vc_col-xs-6&#8243;][\/vc_column_inner][vc_column_inner width=&#8221;1\/6&#8243; css=&#8221;.vc_custom_1461415532592{padding-top: 20px !important;}&#8221; offset=&#8221;vc_col-xs-6&#8243;][\/vc_column_inner][vc_column_inner width=&#8221;1\/6&#8243; css=&#8221;.vc_custom_1461415562106{padding-top: 20px !important;}&#8221; offset=&#8221;vc_col-xs-6&#8243;]<div class=\"socials socials-list socials-colored-hover socials-rounded socials-alignment-center\"><a class=\"socials-item\" target=\"_blank\" href=\"https:\/\/www.instagram.com\/birlikispvc\/\" style=\"color: #00bcd4;\"><i class=\"socials-item-icon instagram\" style=\"font-size: 50px\"><\/i><\/a><\/div>[\/vc_column_inner][vc_column_inner width=&#8221;1\/6&#8243; css=&#8221;.vc_custom_1461415552954{padding-top: 20px !important;}&#8221; offset=&#8221;vc_col-xs-6&#8243;]<div class=\"socials socials-list socials-colored-hover socials-rounded socials-alignment-center\"><a class=\"socials-item\" target=\"_blank\" href=\"https:\/\/www.facebook.com\/share\/1DDB5tfndv\/?mibextid=wwXIfr\" style=\"color: #00bcd4;\"><i class=\"socials-item-icon facebook\" style=\"font-size: 50px\"><\/i><\/a><\/div>[\/vc_column_inner][vc_column_inner width=&#8221;1\/6&#8243; css=&#8221;.vc_custom_1461415567878{padding-top: 20px !important;}&#8221; offset=&#8221;vc_col-xs-6&#8243;][\/vc_column_inner][vc_column_inner width=&#8221;1\/6&#8243; css=&#8221;.vc_custom_1461415573360{padding-top: 20px !important;}&#8221; offset=&#8221;vc_col-xs-6&#8243;][\/vc_column_inner][\/vc_row_inner]<\/div><\/div><\/div>[\/vc_column][\/vc_row]<\/p>\n<\/div>","protected":false},"excerpt":{"rendered":"<p>[vc_row full_width=&#8221;stretch_row_content_no_spaces&#8221; css=&#8221;.vc_custom_1458141711301{margin-bottom: 0px !important;}&#8221;][vc_column css=&#8221;.vc_custom_1461417063512{padding-top: 0px !important;}&#8221;][vc_gmaps link=&#8221;#E-8_JTNDaWZyYW1lJTIwc3JjJTNEJTIyaHR0cHMlM0ElMkYlMkZ3d3cuZ29vZ2xlLmNvbSUyRm1hcHMlMkZlbWJlZCUzRnBiJTNEJTIxMW0xOCUyMTFtMTIlMjExbTMlMjExZDMwNTkuNjg3NDk3NTQzOTgyMyUyMTJkNDEuMjg1MDQ1MTc2MzgzNTMlMjEzZDM5LjkyNjAwOTA4NTM1OTU4JTIxMm0zJTIxMWYwJTIxMmYwJTIxM2YwJTIxM20yJTIxMWkxMDI0JTIxMmk3NjglMjE0ZjEzLjElMjEzbTMlMjExbTIlMjExczB4NDA2ZTVmMWY0ZTk5NjA4ZiUyNTNBMHhiZDdmMjljNThhMThiYTViJTIxMnpRbWx5YkdscklNU3d4WjhnVUhaaiUyMTVlMCUyMTNtMiUyMTFzdHIlMjEyc3RyJTIxNHYxNzQyMzcxMTg0MTM2JTIxNW0yJTIxMXN0ciUyMTJzdHIlMjIlMjB3aWR0aCUzRCUyMjYwMCUyMiUyMGhlaWdodCUzRCUyMjQ1MCUyMiUyMGZyYW1lYm9yZGVyJTNEJTIyMCUyMiUyMHN0eWxlJTNEJTIyYm9yZGVyJTNBMCUyMiUyMGFsbG93ZnVsbHNjcmVlbiUzRSUzQyUyRmlmcmFtZSUzRQ==&#8221; size=&#8221;600&#8243; css=&#8221;&#8221;][\/vc_column][\/vc_row][vc_row css=&#8221;.vc_custom_1458198549877{margin-bottom: 0px !important;}&#8221;][vc_column][vc_row_inner][vc_column_inner offset=&#8221;vc_hidden-xs&#8221;][\/vc_column_inner][\/vc_row_inner][vc_column_text css=&#8221;&#8221; css_animation=&#8221;bottom-to-top&#8221;] bizimle ileti\u015fime ge\u00e7in&#8230;<\/p>\n","protected":false},"author":1,"featured_media":0,"parent":0,"menu_order":0,"comment_status":"closed","ping_status":"closed","template":"","meta":{"footnotes":""},"class_list":["post-24390","page","type-page","status-publish"],"_links":{"self":[{"href":"https:\/\/www.birlikis.com\/index.php\/wp-json\/wp\/v2\/pages\/24390","targetHints":{"allow":["GET"]}}],"collection":[{"href":"https:\/\/www.birlikis.com\/index.php\/wp-json\/wp\/v2\/pages"}],"about":[{"href":"https:\/\/www.birlikis.com\/index.php\/wp-json\/wp\/v2\/types\/page"}],"author":[{"embeddable":true,"href":"https:\/\/www.birlikis.com\/index.php\/wp-json\/wp\/v2\/users\/1"}],"replies":[{"embeddable":true,"href":"https:\/\/www.birlikis.com\/index.php\/wp-json\/wp\/v2\/comments?post=24390"}],"version-history":[{"count":15,"href":"https:\/\/www.birlikis.com\/index.php\/wp-json\/wp\/v2\/pages\/24390\/revisions"}],"predecessor-version":[{"id":25295,"href":"https:\/\/www.birlikis.com\/index.php\/wp-json\/wp\/v2\/pages\/24390\/revisions\/25295"}],"wp:attachment":[{"href":"https:\/\/www.birlikis.com\/index.php\/wp-json\/wp\/v2\/media?parent=24390"}],"curies":[{"name":"wp","href":"https:\/\/api.w.org\/{rel}","templated":true}]}}