{"id":25211,"date":"2025-03-20T13:43:07","date_gmt":"2025-03-20T10:43:07","guid":{"rendered":"https:\/\/www.birlikis.com\/?page_id=25211"},"modified":"2025-06-17T10:01:28","modified_gmt":"2025-06-17T07:01:28","slug":"bayilerimiz","status":"publish","type":"page","link":"https:\/\/www.birlikis.com\/index.php\/bayilerimiz\/","title":{"rendered":"Bayilerimiz"},"content":{"rendered":"<div class=\"wpb-content-wrapper\"><p>[vc_row][vc_column][vc_column_text css=&#8221;&#8221;]<div class=\"subeler-listesi\"><div class=\"card-row\"><div class=\"sube-kutusu\"><div class=\"sube-baslik-alani\"><div class=\"sehir-etiketi\">YUNUS AK<\/div><h2 class=\"sube-baslik\">ERZURUM\/YAKUT\u0130YE<\/h2><\/div><div class=\"sube-bilgileri\"><h3 class=\"sube-alt-baslik\">AK PEN<\/h3><div class=\"contact-info\"><div class=\"icon-container\"><i class=\"fas fa-map-marker-alt\"><\/i><\/div><div class=\"contact-text\">KURTULU\u015e MAH. END\u00dcSTR\u0130 CAD. NO:160<\/div><\/div><div class=\"contact-info\"><div class=\"icon-container\"><i class=\"fas fa-phone\"><\/i><\/div><div class=\"contact-text\">0537 216 73 78<\/div><\/div><div class=\"contact-info\"><div class=\"icon-container\"><i class=\"fas fa-user\"><\/i><\/div><div class=\"contact-text\">YUNUS AK<\/div><\/div><\/div><\/div><div class=\"sube-kutusu\"><div class=\"sube-baslik-alani\"><div class=\"sehir-etiketi\">\u0130RFAN AV\u015eAR<\/div><h2 class=\"sube-baslik\">ARDAHAN\/MERKEZ<\/h2><\/div><div class=\"sube-bilgileri\"><h3 class=\"sube-alt-baslik\">BUR\u00c7AK PEN<\/h3><div class=\"contact-info\"><div class=\"icon-container\"><i class=\"fas fa-map-marker-alt\"><\/i><\/div><div class=\"contact-text\">ATAT\u00dcRK MAH.KAVAK CAD. NO:26-40D VE 26-40 E<\/div><\/div><div class=\"contact-info\"><div class=\"icon-container\"><i class=\"fas fa-phone\"><\/i><\/div><div class=\"contact-text\">0537 604 06 66<\/div><\/div><div class=\"contact-info\"><div class=\"icon-container\"><i class=\"fas fa-user\"><\/i><\/div><div class=\"contact-text\">\u0130RFAN AV\u015eAR<\/div><\/div><\/div><\/div><div class=\"sube-kutusu\"><div class=\"sube-baslik-alani\"><div class=\"sehir-etiketi\">MUHAMMET H\u00dcSN\u00dc \u00c7AKAR<\/div><h2 class=\"sube-baslik\">ERZ\u0130NCAN\/TERCAN<\/h2><\/div><div class=\"sube-bilgileri\"><h3 class=\"sube-alt-baslik\">\u00c7AKARLAR PEN<\/h3><div class=\"contact-info\"><div class=\"icon-container\"><i class=\"fas fa-map-marker-alt\"><\/i><\/div><div class=\"contact-text\">E-80 KARAYOLU \u00dcZER\u0130 K\u00dc\u00c7\u00dcK SANAY\u0130 S\u0130TES\u0130<\/div><\/div><div class=\"contact-info\"><div class=\"icon-container\"><i class=\"fas fa-phone\"><\/i><\/div><div class=\"contact-text\">0532 603 04 26<\/div><\/div><div class=\"contact-info\"><div class=\"icon-container\"><i class=\"fas fa-user\"><\/i><\/div><div class=\"contact-text\">MUHAMMET H\u00dcSN\u00dc \u00c7AKAR<\/div><\/div><\/div><\/div><div class=\"sube-kutusu\"><div class=\"sube-baslik-alani\"><div class=\"sehir-etiketi\">AS\u0130M \u00d6\u011eEL<\/div><h2 class=\"sube-baslik\">KARS\/SEL\u0130M<\/h2><\/div><div class=\"sube-bilgileri\"><h3 class=\"sube-alt-baslik\">\u00c7ALI\u015eKAN KARDE\u015eLER<\/h3><div class=\"contact-info\"><div class=\"icon-container\"><i class=\"fas fa-map-marker-alt\"><\/i><\/div><div class=\"contact-text\">CUMHUR\u0130YET MAH.STAD NO:86\/1<\/div><\/div><div class=\"contact-info\"><div class=\"icon-container\"><i class=\"fas fa-phone\"><\/i><\/div><div class=\"contact-text\">0539 873 66 48<\/div><\/div><div class=\"contact-info\"><div class=\"icon-container\"><i class=\"fas fa-user\"><\/i><\/div><div class=\"contact-text\">AS\u0130M \u00d6\u011eEL<\/div><\/div><\/div><\/div><div class=\"sube-kutusu\"><div class=\"sube-baslik-alani\"><div class=\"sehir-etiketi\">CEBRA\u0130L DEM\u0130R<\/div><h2 class=\"sube-baslik\">G\u00dcM\u00dc\u015eHANE\/\u015e\u0130RAN<\/h2><\/div><div class=\"sube-bilgileri\"><h3 class=\"sube-alt-baslik\">D\u0130ZAYN PLAST\u0130K<\/h3><div class=\"contact-info\"><div class=\"icon-container\"><i class=\"fas fa-map-marker-alt\"><\/i><\/div><div class=\"contact-text\">HOCA AHMET YESEV\u0130 KARACA MAH.NO:22\/ABC<\/div><\/div><div class=\"contact-info\"><div class=\"icon-container\"><i class=\"fas fa-phone\"><\/i><\/div><div class=\"contact-text\">0539 746 69 22<\/div><\/div><div class=\"contact-info\"><div class=\"icon-container\"><i class=\"fas fa-user\"><\/i><\/div><div class=\"contact-text\">CEBRA\u0130L DEM\u0130R<\/div><\/div><\/div><\/div><div class=\"sube-kutusu\"><div class=\"sube-baslik-alani\"><div class=\"sehir-etiketi\">MUSTAFA KESK\u0130N<\/div><h2 class=\"sube-baslik\">ERZURUM\/UZUNDERE<\/h2><\/div><div class=\"sube-bilgileri\"><h3 class=\"sube-alt-baslik\">ER \u00c7\u0130FT CAM\/KESK\u0130N PEN<\/h3><div class=\"contact-info\"><div class=\"icon-container\"><i class=\"fas fa-map-marker-alt\"><\/i><\/div><div class=\"contact-text\">\u00c7AYBA\u015eI MAH.ARTV\u0130N CAD.NO:21\/20\/A<\/div><\/div><div class=\"contact-info\"><div class=\"icon-container\"><i class=\"fas fa-phone\"><\/i><\/div><div class=\"contact-text\">0532 521 50 49<\/div><\/div><div class=\"contact-info\"><div class=\"icon-container\"><i class=\"fas fa-user\"><\/i><\/div><div class=\"contact-text\">MUSTAFA KESK\u0130N<\/div><\/div><\/div><\/div><div class=\"sube-kutusu\"><div class=\"sube-baslik-alani\"><div class=\"sehir-etiketi\">G\u00dcRKAN KARS<\/div><h2 class=\"sube-baslik\">ERZURUM\/YAKUT\u0130YE<\/h2><\/div><div class=\"sube-bilgileri\"><h3 class=\"sube-alt-baslik\">ER \u0130MZA YAPI<\/h3><div class=\"contact-info\"><div class=\"icon-container\"><i class=\"fas fa-map-marker-alt\"><\/i><\/div><div class=\"contact-text\">KURTULU\u015e MAH.\u00c7EVRE YOLU BULVARI NO:70\/3 KAPI NO:25030<\/div><\/div><div class=\"contact-info\"><div class=\"icon-container\"><i class=\"fas fa-phone\"><\/i><\/div><div class=\"contact-text\">0538 025 85 58<\/div><\/div><div class=\"contact-info\"><div class=\"icon-container\"><i class=\"fas fa-user\"><\/i><\/div><div class=\"contact-text\">G\u00dcRKAN KARS<\/div><\/div><\/div><\/div><div class=\"sube-kutusu\"><div class=\"sube-baslik-alani\"><div class=\"sehir-etiketi\">EREN CENG\u0130Z<\/div><h2 class=\"sube-baslik\">ARDAHAN\/G\u00d6LE<\/h2><\/div><div class=\"sube-bilgileri\"><h3 class=\"sube-alt-baslik\">EREN PVC<\/h3><div class=\"contact-info\"><div class=\"icon-container\"><i class=\"fas fa-map-marker-alt\"><\/i><\/div><div class=\"contact-text\">FEVZ\u0130 \u00c7AKMAK MAH.OLTU CAD.NO:150<\/div><\/div><div class=\"contact-info\"><div class=\"icon-container\"><i class=\"fas fa-phone\"><\/i><\/div><div class=\"contact-text\">0541 411 75 01<\/div><\/div><div class=\"contact-info\"><div class=\"icon-container\"><i class=\"fas fa-user\"><\/i><\/div><div class=\"contact-text\">EREN CENG\u0130Z<\/div><\/div><\/div><\/div><div class=\"sube-kutusu\"><div class=\"sube-baslik-alani\"><div class=\"sehir-etiketi\">\u0130SRAF\u0130L DOLAP\u00c7I<\/div><h2 class=\"sube-baslik\">KARS\/MERKEZ<\/h2><\/div><div class=\"sube-bilgileri\"><h3 class=\"sube-alt-baslik\">EY\u00dcPO\u011eULLARI PVC<\/h3><div class=\"contact-info\"><div class=\"icon-container\"><i class=\"fas fa-map-marker-alt\"><\/i><\/div><div class=\"contact-text\">\u0130STASYON MAH.FA\u0130KBEY CAD.ADIG\u00dcZELLER PTRL KAR\u015eSI NO:11 8A<\/div><\/div><div class=\"contact-info\"><div class=\"icon-container\"><i class=\"fas fa-phone\"><\/i><\/div><div class=\"contact-text\">0532 606 30 17<\/div><\/div><div class=\"contact-info\"><div class=\"icon-container\"><i class=\"fas fa-user\"><\/i><\/div><div class=\"contact-text\">\u0130SRAF\u0130L DOLAP\u00c7I<\/div><\/div><\/div><\/div><div class=\"sube-kutusu\"><div class=\"sube-baslik-alani\"><div class=\"sehir-etiketi\">MEHMET FAT\u0130H CEYHUN<\/div><h2 class=\"sube-baslik\">ERZURUM\/YAKUT\u0130YE<\/h2><\/div><div class=\"sube-bilgileri\"><h3 class=\"sube-alt-baslik\">FAT\u0130H T\u0130CARET\/CEYHUNLAR<\/h3><div class=\"contact-info\"><div class=\"icon-container\"><i class=\"fas fa-map-marker-alt\"><\/i><\/div><div class=\"contact-text\">KURTULU\u015e MAH.KERESTEC\u0130LER S\u0130TES\u0130 13\/NO:14 25000<\/div><\/div><div class=\"contact-info\"><div class=\"icon-container\"><i class=\"fas fa-phone\"><\/i><\/div><div class=\"contact-text\">0533 636 58 74<\/div><\/div><div class=\"contact-info\"><div class=\"icon-container\"><i class=\"fas fa-user\"><\/i><\/div><div class=\"contact-text\">MEHMET FAT\u0130H CEYHUN<\/div><\/div><\/div><\/div><div class=\"sube-kutusu\"><div class=\"sube-baslik-alani\"><div class=\"sehir-etiketi\">\u0130BRAH\u0130M ALAG\u00d6Z<\/div><h2 class=\"sube-baslik\">I\u011eDIR\/MERKEZ<\/h2><\/div><div class=\"sube-bilgileri\"><h3 class=\"sube-alt-baslik\">\u0130BRAH\u0130MO\u011eULLARI PVC<\/h3><div class=\"contact-info\"><div class=\"icon-container\"><i class=\"fas fa-map-marker-alt\"><\/i><\/div><div class=\"contact-text\">HIZARCI-MARANGOZ-PVC VE KERESTE SATI\u015eI SAN.S\u0130TES\u0130 1BLOK NO:8<\/div><\/div><div class=\"contact-info\"><div class=\"icon-container\"><i class=\"fas fa-phone\"><\/i><\/div><div class=\"contact-text\">0537 322 38 92<\/div><\/div><div class=\"contact-info\"><div class=\"icon-container\"><i class=\"fas fa-user\"><\/i><\/div><div class=\"contact-text\">\u0130BRAH\u0130M ALAG\u00d6Z<\/div><\/div><\/div><\/div><div class=\"sube-kutusu\"><div class=\"sube-baslik-alani\"><div class=\"sehir-etiketi\">BURAK U\u011eURL\u0130<\/div><h2 class=\"sube-baslik\">ERZURUM\/PAS\u0130NLER<\/h2><\/div><div class=\"sube-bilgileri\"><h3 class=\"sube-alt-baslik\">KALE YAPI<\/h3><div class=\"contact-info\"><div class=\"icon-container\"><i class=\"fas fa-map-marker-alt\"><\/i><\/div><div class=\"contact-text\">KETHUDA MAH.TRANS\u0130T CAD.AGA\u00c7\u0130\u015eLER\u0130 NO.173\/13 E<\/div><\/div><div class=\"contact-info\"><div class=\"icon-container\"><i class=\"fas fa-phone\"><\/i><\/div><div class=\"contact-text\">0538 515 75 47<\/div><\/div><div class=\"contact-info\"><div class=\"icon-container\"><i class=\"fas fa-user\"><\/i><\/div><div class=\"contact-text\">BURAK U\u011eURL\u0130<\/div><\/div><\/div><\/div><div class=\"sube-kutusu\"><div class=\"sube-baslik-alani\"><div class=\"sehir-etiketi\">FAHRETT\u0130N KARAMAN<\/div><h2 class=\"sube-baslik\">BAYBURT\/MERKEZ<\/h2><\/div><div class=\"sube-bilgileri\"><h3 class=\"sube-alt-baslik\">KARAMAN PEN<\/h3><div class=\"contact-info\"><div class=\"icon-container\"><i class=\"fas fa-map-marker-alt\"><\/i><\/div><div class=\"contact-text\">bayburt merkez karamen pen<\/div><\/div><div class=\"contact-info\"><div class=\"icon-container\"><i class=\"fas fa-phone\"><\/i><\/div><div class=\"contact-text\">0535 211 93 54<\/div><\/div><div class=\"contact-info\"><div class=\"icon-container\"><i class=\"fas fa-user\"><\/i><\/div><div class=\"contact-text\">FAHRETT\u0130N KARAMAN<\/div><\/div><\/div><\/div><div class=\"sube-kutusu\"><div class=\"sube-baslik-alani\"><div class=\"sehir-etiketi\">APDURRAH\u0130M SOBACI<\/div><h2 class=\"sube-baslik\">ERZURUM\/AZ\u0130Z\u0130YE<\/h2><\/div><div class=\"sube-bilgileri\"><h3 class=\"sube-alt-baslik\">KONAK PEN<\/h3><div class=\"contact-info\"><div class=\"icon-container\"><i class=\"fas fa-map-marker-alt\"><\/i><\/div><div class=\"contact-text\">SALTUKLU MAH.HAB\u0130BBABA SK. NO:8<\/div><\/div><div class=\"contact-info\"><div class=\"icon-container\"><i class=\"fas fa-phone\"><\/i><\/div><div class=\"contact-text\">0543 430 76 26<\/div><\/div><div class=\"contact-info\"><div class=\"icon-container\"><i class=\"fas fa-user\"><\/i><\/div><div class=\"contact-text\">APDURRAH\u0130M SOBACI<\/div><\/div><\/div><\/div><div class=\"sube-kutusu\"><div class=\"sube-baslik-alani\"><div class=\"sehir-etiketi\">AYHAN TANYEL\u0130<\/div><h2 class=\"sube-baslik\">ERZURUM\/YAKUT\u0130YE<\/h2><\/div><div class=\"sube-bilgileri\"><h3 class=\"sube-alt-baslik\">MAV\u0130 YAPI<\/h3><div class=\"contact-info\"><div class=\"icon-container\"><i class=\"fas fa-map-marker-alt\"><\/i><\/div><div class=\"contact-text\">KONGRE CAD.DEM\u0130RC\u0130LER \u00c7AR\u015eISI NO:11<\/div><\/div><div class=\"contact-info\"><div class=\"icon-container\"><i class=\"fas fa-phone\"><\/i><\/div><div class=\"contact-text\">0551 445 46 55<\/div><\/div><div class=\"contact-info\"><div class=\"icon-container\"><i class=\"fas fa-user\"><\/i><\/div><div class=\"contact-text\">AYHAN TANYEL\u0130<\/div><\/div><\/div><\/div><div class=\"sube-kutusu\"><div class=\"sube-baslik-alani\"><div class=\"sehir-etiketi\">SE\u00c7K\u0130N B\u0130NG\u00d6L<\/div><h2 class=\"sube-baslik\">ERZURUM\/TEKMAN<\/h2><\/div><div class=\"sube-bilgileri\"><h3 class=\"sube-alt-baslik\">\u00d6Z B\u0130NG\u00d6L PEN<\/h3><div class=\"contact-info\"><div class=\"icon-container\"><i class=\"fas fa-map-marker-alt\"><\/i><\/div><div class=\"contact-text\">ERZURUM TEKMAN VATAN MAH. CEZAEV\u0130 SOKAK NO: 54<\/div><\/div><div class=\"contact-info\"><div class=\"icon-container\"><i class=\"fas fa-phone\"><\/i><\/div><div class=\"contact-text\">0536 614 28 36<\/div><\/div><div class=\"contact-info\"><div class=\"icon-container\"><i class=\"fas fa-user\"><\/i><\/div><div class=\"contact-text\">SE\u00c7K\u0130N B\u0130NG\u00d6L<\/div><\/div><\/div><\/div><div class=\"sube-kutusu\"><div class=\"sube-baslik-alani\"><div class=\"sehir-etiketi\">MUHAMMET EM\u0130N \u00d6ZDEM\u0130R<\/div><h2 class=\"sube-baslik\">ERZURUM\/YAKUT\u0130YE<\/h2><\/div><div class=\"sube-bilgileri\"><h3 class=\"sube-alt-baslik\">\u00d6ZDEM\u0130R CAM PEN<\/h3><div class=\"contact-info\"><div class=\"icon-container\"><i class=\"fas fa-map-marker-alt\"><\/i><\/div><div class=\"contact-text\">KURTULU\u015e MAH.KERESTEC\u0130LER S\u0130TES\u0130 2 SK. NO:11<\/div><\/div><div class=\"contact-info\"><div class=\"icon-container\"><i class=\"fas fa-phone\"><\/i><\/div><div class=\"contact-text\">0535 840 01 40<\/div><\/div><div class=\"contact-info\"><div class=\"icon-container\"><i class=\"fas fa-user\"><\/i><\/div><div class=\"contact-text\">MUHAMMET EM\u0130N \u00d6ZDEM\u0130R<\/div><\/div><\/div><\/div><div class=\"sube-kutusu\"><div class=\"sube-baslik-alani\"><div class=\"sehir-etiketi\">AL\u0130 \u015eAH\u0130N<\/div><h2 class=\"sube-baslik\">ERZURUM\/OLTU<\/h2><\/div><div class=\"sube-bilgileri\"><h3 class=\"sube-alt-baslik\">\u015eAH\u0130N PEN<\/h3><div class=\"contact-info\"><div class=\"icon-container\"><i class=\"fas fa-map-marker-alt\"><\/i><\/div><div class=\"contact-text\">DO\u011eUTA\u015e SAN. H BLOK NO:7<\/div><\/div><div class=\"contact-info\"><div class=\"icon-container\"><i class=\"fas fa-phone\"><\/i><\/div><div class=\"contact-text\">0536 674 41 19<\/div><\/div><div class=\"contact-info\"><div class=\"icon-container\"><i class=\"fas fa-user\"><\/i><\/div><div class=\"contact-text\">AL\u0130 \u015eAH\u0130N<\/div><\/div><\/div><\/div><div class=\"sube-kutusu\"><div class=\"sube-baslik-alani\"><div class=\"sehir-etiketi\">\u0130BRAH\u0130M \u00c7O\u015eKUN<\/div><h2 class=\"sube-baslik\">A\u011eRI\/MERKEZ<\/h2><\/div><div class=\"sube-bilgileri\"><h3 class=\"sube-alt-baslik\">SERHAT AH\u015eAP<\/h3><div class=\"contact-info\"><div class=\"icon-container\"><i class=\"fas fa-map-marker-alt\"><\/i><\/div><div class=\"contact-text\">FIRAT MAH.\u00c7EVRE YOLU BULVARI NO:98<\/div><\/div><div class=\"contact-info\"><div class=\"icon-container\"><i class=\"fas fa-phone\"><\/i><\/div><div class=\"contact-text\">0533 349 81 79<\/div><\/div><div class=\"contact-info\"><div class=\"icon-container\"><i class=\"fas fa-user\"><\/i><\/div><div class=\"contact-text\">\u0130BRAH\u0130M \u00c7O\u015eKUN<\/div><\/div><\/div><\/div><div class=\"sube-kutusu\"><div class=\"sube-baslik-alani\"><div class=\"sehir-etiketi\">MURAT S\u00dcRMEL\u0130<\/div><h2 class=\"sube-baslik\">ERZURUM\/KARAYAZI<\/h2><\/div><div class=\"sube-bilgileri\"><h3 class=\"sube-alt-baslik\">S\u00dcRMEL\u0130 YAPI<\/h3><div class=\"contact-info\"><div class=\"icon-container\"><i class=\"fas fa-map-marker-alt\"><\/i><\/div><div class=\"contact-text\">G\u00d6KSU YOLU \u00dcZER\u0130 HAMAM SOKAK NO.1<\/div><\/div><div class=\"contact-info\"><div class=\"icon-container\"><i class=\"fas fa-phone\"><\/i><\/div><div class=\"contact-text\">0507 719 62 48<\/div><\/div><div class=\"contact-info\"><div class=\"icon-container\"><i class=\"fas fa-user\"><\/i><\/div><div class=\"contact-text\">MURAT S\u00dcRMEL\u0130<\/div><\/div><\/div><\/div><div class=\"sube-kutusu\"><div class=\"sube-baslik-alani\"><div class=\"sehir-etiketi\">\u0130BRAH\u0130M TA\u015eGIRAN<\/div><h2 class=\"sube-baslik\">ERZURUM\/PALAND\u00d6KEN<\/h2><\/div><div class=\"sube-bilgileri\"><h3 class=\"sube-alt-baslik\">TA\u015eGIRANLAR PVC<\/h3><div class=\"contact-info\"><div class=\"icon-container\"><i class=\"fas fa-map-marker-alt\"><\/i><\/div><div class=\"contact-text\">A. GAZ\u0130 MAH.FAT\u0130H SULTAN MEHMET BULVARI NO:88-90A<\/div><\/div><div class=\"contact-info\"><div class=\"icon-container\"><i class=\"fas fa-phone\"><\/i><\/div><div class=\"contact-text\">0538 372 17 32<\/div><\/div><div class=\"contact-info\"><div class=\"icon-container\"><i class=\"fas fa-user\"><\/i><\/div><div class=\"contact-text\">\u0130BRAH\u0130M TA\u015eGIRAN<\/div><\/div><\/div><\/div><div class=\"sube-kutusu\"><div class=\"sube-baslik-alani\"><div class=\"sehir-etiketi\">AL\u0130 G\u00dcLTEK\u0130N<\/div><h2 class=\"sube-baslik\">ERZURUM\/YAKUT\u0130YE<\/h2><\/div><div class=\"sube-bilgileri\"><h3 class=\"sube-alt-baslik\">UZMAN YAPI<\/h3><div class=\"contact-info\"><div class=\"icon-container\"><i class=\"fas fa-map-marker-alt\"><\/i><\/div><div class=\"contact-text\">KAZIMKARABEK\u0130R PA\u015eA MAH. SAKARYA CAD. NO:21<\/div><\/div><div class=\"contact-info\"><div class=\"icon-container\"><i class=\"fas fa-phone\"><\/i><\/div><div class=\"contact-text\">0534 674 74 54<\/div><\/div><div class=\"contact-info\"><div class=\"icon-container\"><i class=\"fas fa-user\"><\/i><\/div><div class=\"contact-text\">AL\u0130 G\u00dcLTEK\u0130N<\/div><\/div><\/div><\/div><div class=\"sube-kutusu\"><div class=\"sube-baslik-alani\"><div class=\"sehir-etiketi\">MET\u0130N SUCU<\/div><h2 class=\"sube-baslik\">ERZURUM\/YAKUT\u0130YE<\/h2><\/div><div class=\"sube-bilgileri\"><h3 class=\"sube-alt-baslik\">YE\u015e\u0130L\u00c7AM PVC<\/h3><div class=\"contact-info\"><div class=\"icon-container\"><i class=\"fas fa-map-marker-alt\"><\/i><\/div><div class=\"contact-text\">RAB\u0130A ANA MAH. BE\u015e\u0130KTA\u015e CAD. YE\u015e\u0130L\u00c7AM DO\u011eRMA AT\u00d6LYES\u0130 NO:124<\/div><\/div><div class=\"contact-info\"><div class=\"icon-container\"><i class=\"fas fa-phone\"><\/i><\/div><div class=\"contact-text\">0537 328 05 21<\/div><\/div><div class=\"contact-info\"><div class=\"icon-container\"><i class=\"fas fa-user\"><\/i><\/div><div class=\"contact-text\">MET\u0130N SUCU<\/div><\/div><\/div><\/div><div class=\"sube-kutusu\"><div class=\"sube-baslik-alani\"><div class=\"sehir-etiketi\">AHMET YILMAZ<\/div><h2 class=\"sube-baslik\">ERZURUM\/YAKUT\u0130YE<\/h2><\/div><div class=\"sube-bilgileri\"><h3 class=\"sube-alt-baslik\">YILMAZ PEN<\/h3><div class=\"contact-info\"><div class=\"icon-container\"><i class=\"fas fa-map-marker-alt\"><\/i><\/div><div class=\"contact-text\">KURTULU\u015e MAH.12. KERESTEC\u0130LER SK. NO:30<\/div><\/div><div class=\"contact-info\"><div class=\"icon-container\"><i class=\"fas fa-phone\"><\/i><\/div><div class=\"contact-text\">0557 674 74 18<\/div><\/div><div class=\"contact-info\"><div class=\"icon-container\"><i class=\"fas fa-user\"><\/i><\/div><div class=\"contact-text\">AHMET YILMAZ<\/div><\/div><\/div><\/div><\/div><\/div>[\/vc_column_text][\/vc_column][\/vc_row]<\/p>\n<\/div>","protected":false},"excerpt":{"rendered":"<p>[vc_row][vc_column][vc_column_text css=&#8221;&#8221;][\/vc_column_text][\/vc_column][\/vc_row]<\/p>\n","protected":false},"author":1,"featured_media":0,"parent":0,"menu_order":0,"comment_status":"closed","ping_status":"closed","template":"","meta":{"footnotes":""},"class_list":["post-25211","page","type-page","status-publish"],"_links":{"self":[{"href":"https:\/\/www.birlikis.com\/index.php\/wp-json\/wp\/v2\/pages\/25211","targetHints":{"allow":["GET"]}}],"collection":[{"href":"https:\/\/www.birlikis.com\/index.php\/wp-json\/wp\/v2\/pages"}],"about":[{"href":"https:\/\/www.birlikis.com\/index.php\/wp-json\/wp\/v2\/types\/page"}],"author":[{"embeddable":true,"href":"https:\/\/www.birlikis.com\/index.php\/wp-json\/wp\/v2\/users\/1"}],"replies":[{"embeddable":true,"href":"https:\/\/www.birlikis.com\/index.php\/wp-json\/wp\/v2\/comments?post=25211"}],"version-history":[{"count":8,"href":"https:\/\/www.birlikis.com\/index.php\/wp-json\/wp\/v2\/pages\/25211\/revisions"}],"predecessor-version":[{"id":25379,"href":"https:\/\/www.birlikis.com\/index.php\/wp-json\/wp\/v2\/pages\/25211\/revisions\/25379"}],"wp:attachment":[{"href":"https:\/\/www.birlikis.com\/index.php\/wp-json\/wp\/v2\/media?parent=25211"}],"curies":[{"name":"wp","href":"https:\/\/api.w.org\/{rel}","templated":true}]}}